{"id":64,"date":"2023-06-29T11:30:42","date_gmt":"2023-06-29T09:30:42","guid":{"rendered":"https:\/\/bau.softmedia.cz\/?page_id=64"},"modified":"2023-09-26T07:54:56","modified_gmt":"2023-09-26T05:54:56","slug":"o-nas","status":"publish","type":"page","link":"https:\/\/www.fosterbau.com\/en\/o-nas\/","title":{"rendered":"About us"},"content":{"rendered":"<section class=\"bde-section-64-100 bde-section\">\n  \n  \n\t\n\n\n\n<div class=\"section-container\"><h1 class=\"bde-heading-64-166 bde-heading\">\nAbout us\n<\/h1><div class=\"bde-rich-text-64-103 bde-rich-text breakdance-rich-text-styles\">\n<p>The company Foster Bau as, originally founded as Foster Facility as in 2013, was founded as a service unit focused on cleaning activities and small renovations. In 2017, the company expanded its activities to include construction, and this activity gradually became the company&#039;s main activity. In 2021, the company was renamed Foster Bau as Today, Foster Bau is a member of Foster24.<\/p><p>Since Foster24&#039;s inception, we have specialized in providing our customers in the retail, hospitality, industrial and other industries with world-class services tailored to their individual needs.<\/p><p>Our experienced team of experts develops individual solutions that help our customers achieve success.<\/p><p>We focus on innovative technologies, efficient processes and first-class customer service.<\/p><p>We pride ourselves on building long-term partnerships and providing added value to our customers. At Foster24, customer satisfaction comes first and we are constantly striving to improve our services and adapt to the changing needs of our customers.<\/p><p>Our goal is to provide you with excellent service that contributes to the success of your business.<\/p><p>Contact us today to discuss your requirements and find out how we can help you achieve your business goals.<\/p><p>&nbsp;<\/p><p>Your Foster24 team<\/p>\n<\/div><h2 class=\"bde-heading-64-104 bde-heading\">\nOur history\n<\/h2><div class=\"bde-image-64-105 bde-image\">\n<figure class=\"breakdance-image breakdance-image--538\">\n\t<div class=\"breakdance-image-container\">\n\t\t<div class=\"breakdance-image-clip\"><img loading=\"lazy\" decoding=\"async\" class=\"breakdance-image-object\" src=\"https:\/\/www.fosterbau.com\/wp-content\/uploads\/2023\/09\/casova-osa-nova.png\" width=\"7172\" height=\"1180\" srcset=\"https:\/\/www.fosterbau.com\/wp-content\/uploads\/2023\/09\/casova-osa-nova.png 7172w, https:\/\/www.fosterbau.com\/wp-content\/uploads\/2023\/09\/casova-osa-nova-300x49.png 300w, https:\/\/www.fosterbau.com\/wp-content\/uploads\/2023\/09\/casova-osa-nova-1024x168.png 1024w, https:\/\/www.fosterbau.com\/wp-content\/uploads\/2023\/09\/casova-osa-nova-768x126.png 768w, https:\/\/www.fosterbau.com\/wp-content\/uploads\/2023\/09\/casova-osa-nova-1536x253.png 1536w, https:\/\/www.fosterbau.com\/wp-content\/uploads\/2023\/09\/casova-osa-nova-2048x337.png 2048w, https:\/\/www.fosterbau.com\/wp-content\/uploads\/2023\/09\/casova-osa-nova-18x3.png 18w\" sizes=\"auto, (max-width: 7172px) 100vw, 7172px\"><\/div>\n\t<\/div><\/figure>\n\n<\/div><h2 class=\"bde-heading-64-106 bde-heading\">\nWHAT CHARACTERIZES US?\n<\/h2><div class=\"bde-div-64-107 bde-div\">\n  \n  \n\t\n\n\n\n<div class=\"bde-div-64-144 bde-div\">\n  \n  \n\t\n\n\n\n<div class=\"bde-text-64-145 bde-text\">\nA balanced ratio<br>Price performance\n<\/div>\n<\/div><div class=\"bde-div-64-162 bde-div\">\n  \n  \n\t\n\n\n\n<div class=\"bde-text-64-163 bde-text\">\nExpertise\n<\/div><ul class=\"bde-basic-list-64-164 bde-basic-list\">\n  <li  >    \n          \u00b7 we have our own team of experienced workers\n      <\/li>\n<\/ul>\n<\/div><div class=\"bde-div-64-159 bde-div\">\n  \n  \n\t\n\n\n\n<div class=\"bde-text-64-160 bde-text\">\nTransparent<br>negotiations\n<\/div>\n<\/div><div class=\"bde-div-64-156 bde-div\">\n  \n  \n\t\n\n\n\n<div class=\"bde-text-64-157 bde-text\">\nFlexibility\n<\/div><ul class=\"bde-basic-list-64-158 bde-basic-list\">\n  <li  >    \n          \u00b7 we respond promptly to client requests\n      <\/li>\n<\/ul>\n<\/div><div class=\"bde-div-64-153 bde-div\">\n  \n  \n\t\n\n\n\n<div class=\"bde-text-64-154 bde-text\">\nQuality\n<\/div><ul class=\"bde-basic-list-64-155 bde-basic-list\">\n  <li  >    \n          \u00b7 our goal is a satisfied customer\n      <\/li>\n<\/ul>\n<\/div><div class=\"bde-div-64-150 bde-div\">\n  \n  \n\t\n\n\n\n<div class=\"bde-text-64-151 bde-text\">\nPrecision\n<\/div><ul class=\"bde-basic-list-64-152 bde-basic-list\">\n  <li  >    \n          \u00b7 we emphasize detail\n      <\/li>\n<\/ul>\n<\/div><div class=\"bde-div-64-147 bde-div\">\n  \n  \n\t\n\n\n\n<div class=\"bde-text-64-148 bde-text\">\nRespect\n<\/div><ul class=\"bde-basic-list-64-149 bde-basic-list\">\n  <li  >    \n          \u00b7 to the needs of their clients, partners and colleagues\n      <\/li>\n<\/ul>\n<\/div>\n<\/div><h1 class=\"bde-heading-64-101 bde-heading\">\nEmployment program\n<\/h1><div class=\"bde-rich-text-64-165 bde-rich-text breakdance-rich-text-styles\">\n<p>The company Foster Facility as successfully started the implementation of the project with the number CZ.03.1.52\/0.0\/0.0\/19_097\/0012251 and the name Corporate training of employees of Foster Facility as The aim of the project is to increase the professional knowledge of employees of Foster Facility as As part of the project, soft and managerial courses will be organized skills and IT skills, with the aim of training 120 people. The project is co-financed by the European Union through the Employment Operational Program.<\/p>\n<\/div><\/div>\n<\/section>","protected":false},"excerpt":{"rendered":"<p>O&nbsp;n\u00e1s Spole\u010dnost Foster Bau a.s., p\u016fvodn\u011b zalo\u017eena jako Foster Facility a.s. v&nbsp;roce 2013, byla zalo\u017eena jako servisn\u00ed jednotka zam\u011b\u0159en\u00e1 na \u00faklidovou \u010dinnost a&nbsp;drobn\u00e9 rekonstrukce. V&nbsp;roce 2017 spole\u010dnost roz\u0161\u00ed\u0159ila svou \u010dinnost o&nbsp;prov\u00e1d\u011bn\u00ed staveb a&nbsp;tato \u010dinnost se postupn\u011b stala hlavn\u00ed \u010dinnost\u00ed spole\u010dnosti. V&nbsp;roce 2021 byla spole\u010dnost p\u0159ejmenov\u00e1na na Foster Bau a.s. Dnes je Foster Bau \u010dlenem spole\u010dnosti [&hellip;]<\/p>\n","protected":false},"author":2,"featured_media":0,"parent":0,"menu_order":0,"comment_status":"closed","ping_status":"closed","template":"","meta":{"_breakdance_hide_in_design_set":false,"_breakdance_tags":"","footnotes":""},"class_list":["post-64","page","type-page","status-publish","hentry"],"_links":{"self":[{"href":"https:\/\/www.fosterbau.com\/en\/wp-json\/wp\/v2\/pages\/64","targetHints":{"allow":["GET"]}}],"collection":[{"href":"https:\/\/www.fosterbau.com\/en\/wp-json\/wp\/v2\/pages"}],"about":[{"href":"https:\/\/www.fosterbau.com\/en\/wp-json\/wp\/v2\/types\/page"}],"author":[{"embeddable":true,"href":"https:\/\/www.fosterbau.com\/en\/wp-json\/wp\/v2\/users\/2"}],"replies":[{"embeddable":true,"href":"https:\/\/www.fosterbau.com\/en\/wp-json\/wp\/v2\/comments?post=64"}],"version-history":[{"count":22,"href":"https:\/\/www.fosterbau.com\/en\/wp-json\/wp\/v2\/pages\/64\/revisions"}],"predecessor-version":[{"id":539,"href":"https:\/\/www.fosterbau.com\/en\/wp-json\/wp\/v2\/pages\/64\/revisions\/539"}],"wp:attachment":[{"href":"https:\/\/www.fosterbau.com\/en\/wp-json\/wp\/v2\/media?parent=64"}],"curies":[{"name":"wp","href":"https:\/\/api.w.org\/{rel}","templated":true}]}}