{"id":81,"date":"2023-06-29T12:57:36","date_gmt":"2023-06-29T10:57:36","guid":{"rendered":"https:\/\/bau.softmedia.cz\/?page_id=81"},"modified":"2023-09-14T09:28:56","modified_gmt":"2023-09-14T07:28:56","slug":"eticky-kodex","status":"publish","type":"page","link":"https:\/\/www.fosterbau.com\/en\/eticky-kodex\/","title":{"rendered":"Code of Ethics"},"content":{"rendered":"<section class=\"bde-section-81-100 bde-section\">\n  \n  \n\t\n\n\n\n<div class=\"section-container\"><div class=\"bde-columns-81-157 bde-columns\"><div class=\"bde-column-81-158 bde-column\">\n  \n  \n\t\n\n\n\n<h1 class=\"bde-heading-81-101 bde-heading\">\nCode of Ethics\n<\/h1><div class=\"bde-rich-text-81-102 bde-rich-text breakdance-rich-text-styles\">\n<p>Foster Bau&#039;s Code of Ethics contains important rules of conduct to help us respond appropriately to the ethical and legal questions we encounter in our strategic deliberations.<\/p>\n<\/div><div class=\"bde-accordion-81-133 bde-accordion\"><div class=\"bde-accordion__content-wrapper-81-134 bde-accordion__content-wrapper\">\n<h3 class=\"bde-accordion__title-tag\">\n  <button type=\"button\" class=\"bde-accordion__button\" id=\"accordion-button-134\" aria-controls=\"accordion-panel-134\" aria-expanded=\"false\">\n     <span class=\"bde-accordion__title\" >1. Compliance<\/span>\n     <span class=\"bde-accordion__icon bde-accordion__icon--default\"><\/span>\n     <span class=\"bde-accordion__icon bde-accordion__icon--active\"><\/span>\n  <\/button>\n<\/h3>\n\n<div role=\"region\" class=\"bde-accordion__panel\" id=\"accordion-panel-134\" aria-labelledby=\"accordion-button-134\">\n    <div class=\"bde-accordion__panel-content\">\n        <div class=\"bde-text-81-136 bde-text\">\nAdherence to applicable legal and other regulations (compliance) is the basis of our decision-making and actions in doing business and is firmly embedded in our corporate culture.\n<\/div>\n    <\/div>\n<\/div>\n\n\n\n<\/div><div class=\"bde-accordion__content-wrapper-81-146 bde-accordion__content-wrapper\">\n<h3 class=\"bde-accordion__title-tag\">\n  <button type=\"button\" class=\"bde-accordion__button\" id=\"accordion-button-146\" aria-controls=\"accordion-panel-146\" aria-expanded=\"false\">\n     <span class=\"bde-accordion__title\" >2. PROHIBITION OF CORRUPTION<\/span>\n     <span class=\"bde-accordion__icon bde-accordion__icon--default\"><\/span>\n     <span class=\"bde-accordion__icon bde-accordion__icon--active\"><\/span>\n  <\/button>\n<\/h3>\n\n<div role=\"region\" class=\"bde-accordion__panel\" id=\"accordion-panel-146\" aria-labelledby=\"accordion-button-146\">\n    <div class=\"bde-accordion__panel-content\">\n        <div class=\"bde-text-81-147 bde-text\">\nThe Foster Facility is against corruption and bribery. Business practices that use unfair means are not tolerated. Foster Facility employees may not offer, receive or accept any benefits from their business partners that lead to a violation of objective and fair business decision-making or may even give the impression of doing so. \n<\/div>\n    <\/div>\n<\/div>\n\n\n\n<\/div><div class=\"bde-accordion__content-wrapper-81-144 bde-accordion__content-wrapper\">\n<h3 class=\"bde-accordion__title-tag\">\n  <button type=\"button\" class=\"bde-accordion__button\" id=\"accordion-button-144\" aria-controls=\"accordion-panel-144\" aria-expanded=\"false\">\n     <span class=\"bde-accordion__title\" >3. PREVENTION OF CONFLICT OF INTEREST<\/span>\n     <span class=\"bde-accordion__icon bde-accordion__icon--default\"><\/span>\n     <span class=\"bde-accordion__icon bde-accordion__icon--active\"><\/span>\n  <\/button>\n<\/h3>\n\n<div role=\"region\" class=\"bde-accordion__panel\" id=\"accordion-panel-144\" aria-labelledby=\"accordion-button-144\">\n    <div class=\"bde-accordion__panel-content\">\n        <div class=\"bde-text-81-145 bde-text\">\nAt Foster Facility, business decisions are made solely in the best interest of the company. Potential conflicts of interest with private affairs or other economic or any other activities, including those involving close persons or organizations, must be nipped in the bud. If it nevertheless occurs, such a case must be dealt with in accordance with legal regulations and applicable internal guidelines. A condition for such a procedure is transparent informing of the superior about the conflict of interests.\n<\/div>\n    <\/div>\n<\/div>\n\n\n\n<\/div><div class=\"bde-accordion__content-wrapper-81-148 bde-accordion__content-wrapper\">\n<h3 class=\"bde-accordion__title-tag\">\n  <button type=\"button\" class=\"bde-accordion__button\" id=\"accordion-button-148\" aria-controls=\"accordion-panel-148\" aria-expanded=\"false\">\n     <span class=\"bde-accordion__title\" >4. MONEY LAUNDERING<\/span>\n     <span class=\"bde-accordion__icon bde-accordion__icon--default\"><\/span>\n     <span class=\"bde-accordion__icon bde-accordion__icon--active\"><\/span>\n  <\/button>\n<\/h3>\n\n<div role=\"region\" class=\"bde-accordion__panel\" id=\"accordion-panel-148\" aria-labelledby=\"accordion-button-148\">\n    <div class=\"bde-accordion__panel-content\">\n        <div class=\"bde-text-81-149 bde-text\">\nNo employee may, either alone or jointly with others, engage in conduct that violates domestic or foreign anti-money laundering regulations. In case of doubt regarding the admissibility of transactions involving the transfer of cash, the relevant finance department should be contacted as soon as possible. \n<\/div>\n    <\/div>\n<\/div>\n\n\n\n<\/div><div class=\"bde-accordion__content-wrapper-81-150 bde-accordion__content-wrapper\">\n<h3 class=\"bde-accordion__title-tag\">\n  <button type=\"button\" class=\"bde-accordion__button\" id=\"accordion-button-150\" aria-controls=\"accordion-panel-150\" aria-expanded=\"false\">\n     <span class=\"bde-accordion__title\" >5. DONATIONS AND OTHER PROPERTY BENEFITS<\/span>\n     <span class=\"bde-accordion__icon bde-accordion__icon--default\"><\/span>\n     <span class=\"bde-accordion__icon bde-accordion__icon--active\"><\/span>\n  <\/button>\n<\/h3>\n\n<div role=\"region\" class=\"bde-accordion__panel\" id=\"accordion-panel-150\" aria-labelledby=\"accordion-button-150\">\n    <div class=\"bde-accordion__panel-content\">\n        <div class=\"bde-text-81-151 bde-text\">\nFoster Facility employees may not request, receive, offer or provide - either directly or indirectly - unauthorized pecuniary benefits in the form of monetary payments, gifts or any other contribution or performance in the course of their work. This applies in relation to individuals, businesses as well as official bodies or other institutions. In particular, no benefits of any kind may be offered or provided to official representatives of domestic or foreign institutions. The only exceptions are ordinary occasional or promotional gifts, entertainment or other occasional pleasures that are demonstrably of little value.\n<\/div>\n    <\/div>\n<\/div>\n\n\n\n<\/div><div class=\"bde-accordion__content-wrapper-81-152 bde-accordion__content-wrapper\">\n<h3 class=\"bde-accordion__title-tag\">\n  <button type=\"button\" class=\"bde-accordion__button\" id=\"accordion-button-152\" aria-controls=\"accordion-panel-152\" aria-expanded=\"false\">\n     <span class=\"bde-accordion__title\" >6. INTERNAL INFORMATION<\/span>\n     <span class=\"bde-accordion__icon bde-accordion__icon--default\"><\/span>\n     <span class=\"bde-accordion__icon bde-accordion__icon--active\"><\/span>\n  <\/button>\n<\/h3>\n\n<div role=\"region\" class=\"bde-accordion__panel\" id=\"accordion-panel-152\" aria-labelledby=\"accordion-button-152\">\n    <div class=\"bde-accordion__panel-content\">\n        <div class=\"bde-text-81-153 bde-text\">\nEmployees may not use the information obtained in the course of their work for their own purposes or in the interest of third parties.<br>If employees receive information about the internal affairs of customers or Foster Facility that may affect the stock exchange listing, they must treat this information as confidential and must not pass it on to third parties. The use of this information for your own or third parties&#039; purposes is strictly prohibited. <br>\n<\/div>\n    <\/div>\n<\/div>\n\n\n\n<\/div><div class=\"bde-accordion__content-wrapper-81-154 bde-accordion__content-wrapper\">\n<h3 class=\"bde-accordion__title-tag\">\n  <button type=\"button\" class=\"bde-accordion__button\" id=\"accordion-button-154\" aria-controls=\"accordion-panel-154\" aria-expanded=\"false\">\n     <span class=\"bde-accordion__title\" >7. CONFIDENTIALITY AND DATA PROTECTION<\/span>\n     <span class=\"bde-accordion__icon bde-accordion__icon--default\"><\/span>\n     <span class=\"bde-accordion__icon bde-accordion__icon--active\"><\/span>\n  <\/button>\n<\/h3>\n\n<div role=\"region\" class=\"bde-accordion__panel\" id=\"accordion-panel-154\" aria-labelledby=\"accordion-button-154\">\n    <div class=\"bde-accordion__panel-content\">\n        <div class=\"bde-text-81-155 bde-text\">\nMuch of Foster Facility&#039;s business information is confidential or proprietary and therefore subject to confidentiality. This does not apply if the disclosure of such information has been approved by Foster Facility or if disclosure is required by law or regulation. <br><br>The obligation of confidentiality applies in particular to intellectual property. This includes trade secrets, patents, trademarks and copyrights, but also business and marketing plans, proposals, business documents, salary details and any other undisclosed financial data and reports. <br><br>All personal information about employees, customers, business partners and suppliers, as well as about other third parties, is used by Foster Facility with due care, maintaining the principle of confidentiality and strict compliance with data protection legislation. Maximum care must be taken to protect this information. \n<\/div>\n    <\/div>\n<\/div>\n\n\n\n<\/div><div class=\"bde-accordion__content-wrapper-81-161 bde-accordion__content-wrapper\">\n<h3 class=\"bde-accordion__title-tag\">\n  <button type=\"button\" class=\"bde-accordion__button\" id=\"accordion-button-161\" aria-controls=\"accordion-panel-161\" aria-expanded=\"false\">\n     <span class=\"bde-accordion__title\" >8. Behavior in personal contact<\/span>\n     <span class=\"bde-accordion__icon bde-accordion__icon--default\"><\/span>\n     <span class=\"bde-accordion__icon bde-accordion__icon--active\"><\/span>\n  <\/button>\n<\/h3>\n\n<div role=\"region\" class=\"bde-accordion__panel\" id=\"accordion-panel-161\" aria-labelledby=\"accordion-button-161\">\n    <div class=\"bde-accordion__panel-content\">\n        <div class=\"bde-text-81-162 bde-text\">\nFoster Facility and its employees act fairly and respectfully in dealings with customers, suppliers, co-workers and other persons. There is no violation of human dignity and privacy. All employees are obliged to act openly, fairly and with respect in their interactions with each other and strive to find a common solution to the problems that have arisen.\n<\/div>\n    <\/div>\n<\/div>\n\n\n\n<\/div><div class=\"bde-accordion__content-wrapper-81-163 bde-accordion__content-wrapper\">\n<h3 class=\"bde-accordion__title-tag\">\n  <button type=\"button\" class=\"bde-accordion__button\" id=\"accordion-button-163\" aria-controls=\"accordion-panel-163\" aria-expanded=\"false\">\n     <span class=\"bde-accordion__title\" >9. Exploitation of workers and prohibition of discrimination<\/span>\n     <span class=\"bde-accordion__icon bde-accordion__icon--default\"><\/span>\n     <span class=\"bde-accordion__icon bde-accordion__icon--active\"><\/span>\n  <\/button>\n<\/h3>\n\n<div role=\"region\" class=\"bde-accordion__panel\" id=\"accordion-panel-163\" aria-labelledby=\"accordion-button-163\">\n    <div class=\"bde-accordion__panel-content\">\n        <div class=\"bde-text-81-164 bde-text\">\nFoster Facility and its partners do not use a labor force that is exploited, comply with laws and regulations regarding minimum wages, working hours, working conditions and labor law.<br><br>Foster Facility promotes equality and does not respect discrimination based on gender, sexual orientation or any other aspect of identity, age, creed or opinion, race or ethnicity, national or social origin or disability of employees is prohibited. In international relations, it is necessary to respect the customs of other nations. Both employees and managers are obliged to actively oppose discrimination. \n<\/div>\n    <\/div>\n<\/div>\n\n\n\n<\/div><div class=\"bde-accordion__content-wrapper-81-165 bde-accordion__content-wrapper\">\n<h3 class=\"bde-accordion__title-tag\">\n  <button type=\"button\" class=\"bde-accordion__button\" id=\"accordion-button-165\" aria-controls=\"accordion-panel-165\" aria-expanded=\"false\">\n     <span class=\"bde-accordion__title\" >10. Forced and compulsory work<\/span>\n     <span class=\"bde-accordion__icon bde-accordion__icon--default\"><\/span>\n     <span class=\"bde-accordion__icon bde-accordion__icon--active\"><\/span>\n  <\/button>\n<\/h3>\n\n<div role=\"region\" class=\"bde-accordion__panel\" id=\"accordion-panel-165\" aria-labelledby=\"accordion-button-165\">\n    <div class=\"bde-accordion__panel-content\">\n        <div class=\"bde-text-81-166 bde-text\">\nFoster Facility and its partners do not respect the use of forced or compulsory labor and work to minimize risk in their supply chain. The company strives to ensure that all employees are free to decide whether or not to work and that they do not have to fear reprisals if they refuse to work.\n<\/div>\n    <\/div>\n<\/div>\n\n\n\n<\/div><div class=\"bde-accordion__content-wrapper-81-167 bde-accordion__content-wrapper\">\n<h3 class=\"bde-accordion__title-tag\">\n  <button type=\"button\" class=\"bde-accordion__button\" id=\"accordion-button-167\" aria-controls=\"accordion-panel-167\" aria-expanded=\"false\">\n     <span class=\"bde-accordion__title\" >11. Child labor<\/span>\n     <span class=\"bde-accordion__icon bde-accordion__icon--default\"><\/span>\n     <span class=\"bde-accordion__icon bde-accordion__icon--active\"><\/span>\n  <\/button>\n<\/h3>\n\n<div role=\"region\" class=\"bde-accordion__panel\" id=\"accordion-panel-167\" aria-labelledby=\"accordion-button-167\">\n    <div class=\"bde-accordion__panel-content\">\n        <div class=\"bde-text-81-168 bde-text\">\nFoster Facility and its partners do not employ children under the age of 15 and ensure that working conditions are not dangerous for children over the age of 15 and harmful to their health and development. Foster Facility is careful to select partners and suppliers who also do not employ children.\n<\/div>\n    <\/div>\n<\/div>\n\n\n\n<\/div><div class=\"bde-accordion__content-wrapper-81-169 bde-accordion__content-wrapper\">\n<h3 class=\"bde-accordion__title-tag\">\n  <button type=\"button\" class=\"bde-accordion__button\" id=\"accordion-button-169\" aria-controls=\"accordion-panel-169\" aria-expanded=\"false\">\n     <span class=\"bde-accordion__title\" >12. Human Trafficking<\/span>\n     <span class=\"bde-accordion__icon bde-accordion__icon--default\"><\/span>\n     <span class=\"bde-accordion__icon bde-accordion__icon--active\"><\/span>\n  <\/button>\n<\/h3>\n\n<div role=\"region\" class=\"bde-accordion__panel\" id=\"accordion-panel-169\" aria-labelledby=\"accordion-button-169\">\n    <div class=\"bde-accordion__panel-content\">\n        <div class=\"bde-text-81-170 bde-text\">\nFoster Facility and its partners reject human trafficking and strive to minimize the risk of its occurrence throughout the supply chain. The company seeks to work with law enforcement agencies to detect and prosecute human traffickers.\n<\/div>\n    <\/div>\n<\/div>\n\n\n\n<\/div><div class=\"bde-accordion__content-wrapper-81-171 bde-accordion__content-wrapper\">\n<h3 class=\"bde-accordion__title-tag\">\n  <button type=\"button\" class=\"bde-accordion__button\" id=\"accordion-button-171\" aria-controls=\"accordion-panel-171\" aria-expanded=\"false\">\n     <span class=\"bde-accordion__title\" >13. Compliance with Legal Regulations<\/span>\n     <span class=\"bde-accordion__icon bde-accordion__icon--default\"><\/span>\n     <span class=\"bde-accordion__icon bde-accordion__icon--active\"><\/span>\n  <\/button>\n<\/h3>\n\n<div role=\"region\" class=\"bde-accordion__panel\" id=\"accordion-panel-171\" aria-labelledby=\"accordion-button-171\">\n    <div class=\"bde-accordion__panel-content\">\n        <div class=\"bde-text-81-172 bde-text\">\nThe Company and its partners comply with all applicable laws and regulations and only engage in lawful business activities. \n<\/div>\n    <\/div>\n<\/div>\n\n\n\n<\/div><div class=\"bde-accordion__content-wrapper-81-173 bde-accordion__content-wrapper\">\n<h3 class=\"bde-accordion__title-tag\">\n  <button type=\"button\" class=\"bde-accordion__button\" id=\"accordion-button-173\" aria-controls=\"accordion-panel-173\" aria-expanded=\"false\">\n     <span class=\"bde-accordion__title\" >14. Implementation and Compliance Review <\/span>\n     <span class=\"bde-accordion__icon bde-accordion__icon--default\"><\/span>\n     <span class=\"bde-accordion__icon bde-accordion__icon--active\"><\/span>\n  <\/button>\n<\/h3>\n\n<div role=\"region\" class=\"bde-accordion__panel\" id=\"accordion-panel-173\" aria-labelledby=\"accordion-button-173\">\n    <div class=\"bde-accordion__panel-content\">\n        <div class=\"bde-text-81-174 bde-text\">\nThe rules contained in this code of ethics are among the pillars of Foster Facility&#039;s corporate culture. Uniform adherence to these principles is imperative. Every employee is responsible for them. <br><br>If any employee has questions or comments about the points mentioned in this code of ethics, or is aware of a possible violation of the rules of conduct contained in it, he should immediately contact his supervisor with such a matter. It may also do so anonymously or on the basis of confidentiality. <br>\n<\/div>\n    <\/div>\n<\/div>\n\n\n\n<\/div><div class=\"bde-accordion__content-wrapper-81-175 bde-accordion__content-wrapper\">\n<h3 class=\"bde-accordion__title-tag\">\n  <button type=\"button\" class=\"bde-accordion__button\" id=\"accordion-button-175\" aria-controls=\"accordion-panel-175\" aria-expanded=\"false\">\n     <span class=\"bde-accordion__title\" >15. Liability<\/span>\n     <span class=\"bde-accordion__icon bde-accordion__icon--default\"><\/span>\n     <span class=\"bde-accordion__icon bde-accordion__icon--active\"><\/span>\n  <\/button>\n<\/h3>\n\n<div role=\"region\" class=\"bde-accordion__panel\" id=\"accordion-panel-175\" aria-labelledby=\"accordion-button-175\">\n    <div class=\"bde-accordion__panel-content\">\n        <div class=\"bde-text-81-176 bde-text\">\nAll employees and management members of Foster Facility are bound by the rules of this code of ethics. The Code of Ethics contains the values, principles and rules of conduct on which Foster Facility is based in its business activities. The goal of the company&#039;s management is to comply with ethical standards and create a work environment that supports integrity, respect and fair behavior. \n<\/div>\n    <\/div>\n<\/div>\n\n\n\n<\/div>\r\n\r\n<\/div><div class=\"bde-rich-text-81-177 bde-rich-text breakdance-rich-text-styles\">\n<p>Violations of this code of ethics are subject to consequences. In serious cases, its violation may lead to termination of employment.<\/p>\n<\/div>\n<\/div><div class=\"bde-column-81-159 bde-column\">\n  \n  \n\t\n\n\n\n<div class=\"bde-text-81-160 bde-text\">\nCode of Ethics\n<\/div>\n<\/div><\/div><\/div>\n<\/section>","protected":false},"excerpt":{"rendered":"<p>Etick\u00fd kodex Etick\u00fd kodex Foster Bau obshauje d\u016fle\u017eit\u00e1 pravidla chov\u00e1n\u00ed, kter\u00e1 n\u00e1m maj\u00ed pomoci k&nbsp;tomu, abychom p\u0159im\u011b\u0159en\u011b odpov\u011bd\u011bli na etick\u00e9 a&nbsp;pr\u00e1vn\u00ed ot\u00e1zky, s&nbsp;nimi\u017e se setk\u00e1v\u00e1me p\u0159i&nbsp;strategick\u00fdch \u00favah\u00e1ch. 1. Compliance Dodr\u017eov\u00e1n\u00ed platn\u00fdch pr\u00e1vn\u00edch a&nbsp;ostatn\u00edch p\u0159edpis\u016f (compliance) je z\u00e1kladem na\u0161eho rozhodov\u00e1n\u00ed a&nbsp;jedn\u00e1n\u00ed p\u0159i&nbsp;podnik\u00e1n\u00ed a&nbsp;je pevn\u011b zakotveno v&nbsp;na\u0161\u00ed podnikov\u00e9 kultu\u0159e. 2. Z\u00c1KAZ KORUPCE Foster Facility je proti korupci [&hellip;]<\/p>\n","protected":false},"author":2,"featured_media":0,"parent":0,"menu_order":0,"comment_status":"closed","ping_status":"closed","template":"","meta":{"_breakdance_hide_in_design_set":false,"_breakdance_tags":"","footnotes":""},"class_list":["post-81","page","type-page","status-publish","hentry"],"_links":{"self":[{"href":"https:\/\/www.fosterbau.com\/en\/wp-json\/wp\/v2\/pages\/81","targetHints":{"allow":["GET"]}}],"collection":[{"href":"https:\/\/www.fosterbau.com\/en\/wp-json\/wp\/v2\/pages"}],"about":[{"href":"https:\/\/www.fosterbau.com\/en\/wp-json\/wp\/v2\/types\/page"}],"author":[{"embeddable":true,"href":"https:\/\/www.fosterbau.com\/en\/wp-json\/wp\/v2\/users\/2"}],"replies":[{"embeddable":true,"href":"https:\/\/www.fosterbau.com\/en\/wp-json\/wp\/v2\/comments?post=81"}],"version-history":[{"count":16,"href":"https:\/\/www.fosterbau.com\/en\/wp-json\/wp\/v2\/pages\/81\/revisions"}],"predecessor-version":[{"id":507,"href":"https:\/\/www.fosterbau.com\/en\/wp-json\/wp\/v2\/pages\/81\/revisions\/507"}],"wp:attachment":[{"href":"https:\/\/www.fosterbau.com\/en\/wp-json\/wp\/v2\/media?parent=81"}],"curies":[{"name":"wp","href":"https:\/\/api.w.org\/{rel}","templated":true}]}}