{"id":89,"date":"2023-06-29T13:07:24","date_gmt":"2023-06-29T11:07:24","guid":{"rendered":"https:\/\/bau.softmedia.cz\/?page_id=89"},"modified":"2023-10-04T09:55:33","modified_gmt":"2023-10-04T07:55:33","slug":"kariera","status":"publish","type":"page","link":"https:\/\/www.fosterbau.com\/en\/kariera\/","title":{"rendered":"Career"},"content":{"rendered":"<section class=\"bde-section-89-100 bde-section\">\n  \n  \n\t\n\n\n\n<div class=\"section-container\"><div class=\"bde-columns-89-170 bde-columns\"><div class=\"bde-column-89-171 bde-column\">\n  \n  \n\t\n\n\n\n<h1 class=\"bde-heading-89-101 bde-heading\">\nCareer\n<\/h1><div class=\"bde-rich-text-89-102 bde-rich-text breakdance-rich-text-styles\">\n<p>Our success is defined by qualified employees. When selecting new colleagues, we place emphasis not only on education and previous work experience, but also on personality traits, loyalty and teamwork skills.<\/p><p>We offer:&nbsp;<\/p><ul><li><p>Long-term perspective and background<\/p><\/li><li><p>Above-standard financial evaluation<\/p><\/li><li><p>Possibility of cooperation on HPP, DPP and DP\u010c&nbsp;<\/p><\/li><li><p>The possibility of professional and career growth&nbsp;<\/p><\/li><li><p>Program for further education<\/p><\/li><\/ul>\n<\/div><div class=\"bde-text-89-119 bde-text\">\nWe are currently looking for new colleagues for the following positions:\n<\/div><div class=\"bde-div-89-120 bde-div\">\n  \n  \n\t\n\n\n\n<h2 class=\"bde-heading-89-138 bde-heading\">\nTurnkey buildings\n<\/h2><div class=\"bde-accordion-89-123 bde-accordion\"><div class=\"bde-accordion__content-wrapper-89-124 bde-accordion__content-wrapper\">\n<h3 class=\"bde-accordion__title-tag\">\n  <button type=\"button\" class=\"bde-accordion__button\" id=\"accordion-button-124\" aria-controls=\"accordion-panel-124\" aria-expanded=\"false\">\n     <span class=\"bde-accordion__title\" >Construction technician<\/span>\n     <span class=\"bde-accordion__icon bde-accordion__icon--default\"><\/span>\n     <span class=\"bde-accordion__icon bde-accordion__icon--active\"><\/span>\n  <\/button>\n<\/h3>\n\n<div role=\"region\" class=\"bde-accordion__panel\" id=\"accordion-panel-124\" aria-labelledby=\"accordion-button-124\">\n    <div class=\"bde-accordion__panel-content\">\n        <div class=\"bde-rich-text-89-143 bde-rich-text breakdance-rich-text-styles\">\n<p><strong>Job description:<\/strong><\/p><p><strong>We require:<\/strong><\/p><ul><li><p>Reliability<\/p><\/li><li><p>Responsibility<\/p><\/li><li><p>Diligence<\/p><\/li><li><p>Attention to detail<\/p><\/li><li><p>Interest in work<\/p><\/li><\/ul>\n<\/div>\n    <\/div>\n<\/div>\n\n\n\n<\/div><div class=\"bde-accordion__content-wrapper-89-146 bde-accordion__content-wrapper\">\n<h3 class=\"bde-accordion__title-tag\">\n  <button type=\"button\" class=\"bde-accordion__button\" id=\"accordion-button-146\" aria-controls=\"accordion-panel-146\" aria-expanded=\"false\">\n     <span class=\"bde-accordion__title\" >Bricklayer<\/span>\n     <span class=\"bde-accordion__icon bde-accordion__icon--default\"><\/span>\n     <span class=\"bde-accordion__icon bde-accordion__icon--active\"><\/span>\n  <\/button>\n<\/h3>\n\n<div role=\"region\" class=\"bde-accordion__panel\" id=\"accordion-panel-146\" aria-labelledby=\"accordion-button-146\">\n    <div class=\"bde-accordion__panel-content\">\n        <div class=\"bde-rich-text-89-147 bde-rich-text breakdance-rich-text-styles\">\n<p><strong>Job description:<\/strong><\/p><p><strong>We require:<\/strong><\/p><ul><li><p>Reliability<\/p><\/li><li><p>Responsibility<\/p><\/li><li><p>Diligence<\/p><\/li><li><p>Attention to detail<\/p><\/li><li><p>Interest in work<\/p><\/li><\/ul>\n<\/div>\n    <\/div>\n<\/div>\n\n\n\n<\/div><div class=\"bde-accordion__content-wrapper-89-144 bde-accordion__content-wrapper\">\n<h3 class=\"bde-accordion__title-tag\">\n  <button type=\"button\" class=\"bde-accordion__button\" id=\"accordion-button-144\" aria-controls=\"accordion-panel-144\" aria-expanded=\"false\">\n     <span class=\"bde-accordion__title\" >Tiler<\/span>\n     <span class=\"bde-accordion__icon bde-accordion__icon--default\"><\/span>\n     <span class=\"bde-accordion__icon bde-accordion__icon--active\"><\/span>\n  <\/button>\n<\/h3>\n\n<div role=\"region\" class=\"bde-accordion__panel\" id=\"accordion-panel-144\" aria-labelledby=\"accordion-button-144\">\n    <div class=\"bde-accordion__panel-content\">\n        <div class=\"bde-rich-text-89-145 bde-rich-text breakdance-rich-text-styles\">\n<p><strong>Job description:<\/strong><\/p><p><strong>We require:<\/strong><\/p><ul><li><p>Reliability<\/p><\/li><li><p>Responsibility<\/p><\/li><li><p>Diligence<\/p><\/li><li><p>Attention to detail<\/p><\/li><li><p>Interest in work<\/p><\/li><\/ul>\n<\/div>\n    <\/div>\n<\/div>\n\n\n\n<\/div>\r\n\r\n<\/div>\n<\/div><div class=\"bde-rich-text-89-168 bde-rich-text breakdance-rich-text-styles\">\n<p>Send your resumes to <a href=\"mailto:kariera@foster24.com\"><u>kariera@foster24.com<\/u><\/a><\/p>\n<\/div>\n<\/div><div class=\"bde-column-89-189 bde-column\">\n  \n  \n\t\n\n\n\n<div class=\"bde-text-89-191 bde-text\">\ncareer\n<\/div>\n<\/div><\/div><\/div>\n<\/section>","protected":false},"excerpt":{"rendered":"<p>Kari\u00e9ra N\u00e1\u0161 \u00fasp\u011bch je definov\u00e1n kvalifikovan\u00fdmi zam\u011bstnanci. P\u0159i&nbsp;v\u00fdb\u011bru nov\u00fdch koleg\u016f klademe d\u016fraz nejen na dosa\u017een\u00e9 vzd\u011bl\u00e1n\u00ed a&nbsp;p\u0159edchoz\u00ed pracovn\u00ed zku\u0161enosti, ale tak\u00e9 na osobnostn\u00ed rysy, loajalitu a&nbsp;schopnosti t\u00fdmov\u00e9 pr\u00e1ce.Nab\u00edz\u00edme:&nbsp;Dlouhodobou perspektivu a&nbsp;z\u00e1zem\u00edNadstandartn\u00ed finan\u010dn\u00ed ohodnocen\u00edMo\u017enost spolupr\u00e1ce na HPP, DPP a&nbsp;DP\u010c&nbsp;Mo\u017enost profesn\u00edho a&nbsp;kari\u00e9rn\u00edho r\u016fstu&nbsp;Program pro dal\u0161\u00ed vzd\u011bl\u00e1v\u00e1n\u00ed V&nbsp;sou\u010dasn\u00e9 dob\u011b hled\u00e1me nov\u00e9 kolegy na n\u00e1sleduj\u00edc\u00ed pozice: Stavby na kl\u00ed\u010d Stavebn\u00ed [&hellip;]<\/p>\n","protected":false},"author":2,"featured_media":0,"parent":0,"menu_order":0,"comment_status":"closed","ping_status":"closed","template":"","meta":{"_breakdance_hide_in_design_set":false,"_breakdance_tags":"","footnotes":""},"class_list":["post-89","page","type-page","status-publish","hentry"],"_links":{"self":[{"href":"https:\/\/www.fosterbau.com\/en\/wp-json\/wp\/v2\/pages\/89","targetHints":{"allow":["GET"]}}],"collection":[{"href":"https:\/\/www.fosterbau.com\/en\/wp-json\/wp\/v2\/pages"}],"about":[{"href":"https:\/\/www.fosterbau.com\/en\/wp-json\/wp\/v2\/types\/page"}],"author":[{"embeddable":true,"href":"https:\/\/www.fosterbau.com\/en\/wp-json\/wp\/v2\/users\/2"}],"replies":[{"embeddable":true,"href":"https:\/\/www.fosterbau.com\/en\/wp-json\/wp\/v2\/comments?post=89"}],"version-history":[{"count":21,"href":"https:\/\/www.fosterbau.com\/en\/wp-json\/wp\/v2\/pages\/89\/revisions"}],"predecessor-version":[{"id":542,"href":"https:\/\/www.fosterbau.com\/en\/wp-json\/wp\/v2\/pages\/89\/revisions\/542"}],"wp:attachment":[{"href":"https:\/\/www.fosterbau.com\/en\/wp-json\/wp\/v2\/media?parent=89"}],"curies":[{"name":"wp","href":"https:\/\/api.w.org\/{rel}","templated":true}]}}